{"id":2829,"date":"2026-04-03T20:02:34","date_gmt":"2026-04-03T18:02:34","guid":{"rendered":"https:\/\/www.picweb.it\/blog\/?page_id=2829"},"modified":"2026-04-13T22:10:09","modified_gmt":"2026-04-13T20:10:09","slug":"dapres-moi-dapres-midi","status":"publish","type":"page","link":"http:\/\/www.picweb.it\/blog\/index.php\/dapres-moi-dapres-midi\/","title":{"rendered":"D&#8217;apres Moi&#8230; d&#8217;apres-midi"},"content":{"rendered":"\n<figure class=\"wp-block-image aligncenter size-large\"><img fetchpriority=\"high\" decoding=\"async\" width=\"693\" height=\"1024\" data-attachment-id=\"2934\" data-permalink=\"http:\/\/www.picweb.it\/blog\/index.php\/dapres-moi-dapres-midi\/img_20260413_1954523608958964235925443\/\" data-orig-file=\"http:\/\/www.picweb.it\/blog\/wp-content\/uploads\/2026\/04\/img_20260413_1954523608958964235925443.jpg\" data-orig-size=\"1354,2000\" data-comments-opened=\"0\" data-image-meta=\"{&quot;aperture&quot;:&quot;0&quot;,&quot;credit&quot;:&quot;&quot;,&quot;camera&quot;:&quot;&quot;,&quot;caption&quot;:&quot;&quot;,&quot;created_timestamp&quot;:&quot;0&quot;,&quot;copyright&quot;:&quot;&quot;,&quot;focal_length&quot;:&quot;0&quot;,&quot;iso&quot;:&quot;0&quot;,&quot;shutter_speed&quot;:&quot;0&quot;,&quot;title&quot;:&quot;&quot;,&quot;orientation&quot;:&quot;0&quot;}\" data-image-title=\"img_20260413_1954523608958964235925443\" data-image-description=\"&lt;p&gt;Particolare del dipinto &amp;#8220;D\u00e9jeuner des canotiers&amp;#8221; di Pierre Auguste Renoir &lt;\/p&gt;\n\" data-image-caption=\"&lt;p&gt;particolare dalla Colazione dei canottieri &lt;\/p&gt;\n\" data-large-file=\"http:\/\/www.picweb.it\/blog\/wp-content\/uploads\/2026\/04\/img_20260413_1954523608958964235925443-693x1024.jpg\" src=\"https:\/\/www.picweb.it\/blog\/wp-content\/uploads\/2026\/04\/img_20260413_1954523608958964235925443-693x1024.jpg\" alt=\"\" class=\"wp-image-2934\" srcset=\"http:\/\/www.picweb.it\/blog\/wp-content\/uploads\/2026\/04\/img_20260413_1954523608958964235925443-693x1024.jpg 693w, http:\/\/www.picweb.it\/blog\/wp-content\/uploads\/2026\/04\/img_20260413_1954523608958964235925443-203x300.jpg 203w, http:\/\/www.picweb.it\/blog\/wp-content\/uploads\/2026\/04\/img_20260413_1954523608958964235925443-768x1134.jpg 768w, http:\/\/www.picweb.it\/blog\/wp-content\/uploads\/2026\/04\/img_20260413_1954523608958964235925443-1040x1536.jpg 1040w, http:\/\/www.picweb.it\/blog\/wp-content\/uploads\/2026\/04\/img_20260413_1954523608958964235925443-1000x1477.jpg 1000w, http:\/\/www.picweb.it\/blog\/wp-content\/uploads\/2026\/04\/img_20260413_1954523608958964235925443-230x340.jpg 230w, http:\/\/www.picweb.it\/blog\/wp-content\/uploads\/2026\/04\/img_20260413_1954523608958964235925443-350x517.jpg 350w, http:\/\/www.picweb.it\/blog\/wp-content\/uploads\/2026\/04\/img_20260413_1954523608958964235925443-480x709.jpg 480w, http:\/\/www.picweb.it\/blog\/wp-content\/uploads\/2026\/04\/img_20260413_1954523608958964235925443.jpg 1354w\" sizes=\"(max-width: 693px) 100vw, 693px\" \/><figcaption class=\"wp-element-caption\">dalla &#8220;D\u00e9jeuner des canotiers&#8221; di P.A.Renoir<\/figcaption><\/figure>\n\n\n\n<p class=\"has-text-align-center\">watercolor su carta<\/p>\n\n\n\n<p style=\"font-size:14px\"><strong><mark style=\"background-color:rgba(0, 0, 0, 0); color:#000000;\" class=\"has-inline-color has-global-color-2-color\">i.. d&#8217;apres-midi: Il mio sguardo sui Giganti<\/mark><\/strong><br><br>Benvenuti in questo spazio, che \u00e8 un po\u2019 studio d\u2019artista e un po\u2019 diario di viaggio.<br>Il nome che ho scelto per questo blog, &#8220;D\u2019apr\u00e8s Moi&#8221;, nasce da un gioco di parole che racchiude tutta la mia filosofia creativa. Nel mondo dell\u2019arte, l\u2019espressione francese \u201cd\u2019apr\u00e8s\u201d indica un\u2019opera realizzata \u201csecondo\u201d un maestro: uno studio, un omaggio a un capolavoro. Ma per me, quel \u201csecondo\u201d diventa inevitabilmente \u201csecondo me\u201d.<br>Non si tratta di voler correggere i grandi geni, ma di abitarli attraverso il filtro della mia penna, della matita e dell\u2019acquerello.<br>Cosa mi appresto a fare? Tra pochi giorni sar\u00f2 a Parigi, tra la luce di Renoir e il silenzio di Monet a Giverny. Mi aspetta \u201cLa colazione dei canottieri\u201d, un quadro che per me ha un significato speciale: \u00e8 proprio con quest&#8217;opera che inizi\u00f2 il mio primo blog personale nel lontano 2017. Iniziare questo nuovo progetto con lo stesso soggetto \u00e8 un cerchio che si chiude e un nuovo discorso che si apre, con una mano diversa e la stessa passione di allora.<br>Davanti a questi giganti non cercher\u00f2 la copia, ma il mio &#8220;D&#8217;apr\u00e8s&#8221;: quel dettaglio o quel riflesso che parla a me, oggi. Isoler\u00f2 uno sguardo, dar\u00f2 struttura a una nuvola di colore, cercher\u00f2 la mia interpretazione.<br>In questo percorso tra analogico e digitale, tra carta e schermo, non sono solo. Spesso mi faccio accompagnare da quella che \u00e8 diventata la mia AI preferita: un\u2019intelligenza che non sostituisce il mio tratto, ma mi aiuta a dare parole alle mie visioni e a giocare con i significati.<br>Invito a seguirmi in questo pomeriggio creativo (il mio &#8220;D\u2019apr\u00e8s Midi&#8221;). Mettetevi comodi, il viaggio \u00e8 appena iniziato.<\/p>\n\n\n\n<p><\/p>\n\n\n<p><!-- Created with Elementor --><\/p>","protected":false},"excerpt":{"rendered":"<p>watercolor su carta i.. d&#8217;apres-midi: Il mio sguardo sui Giganti Benvenuti in questo spazio, che \u00e8 un po\u2019 studio d\u2019artista e un [&hellip;]<\/p>\n","protected":false},"author":1,"featured_media":0,"parent":0,"menu_order":0,"comment_status":"closed","ping_status":"closed","template":"","meta":{"jetpack_post_was_ever_published":false,"footnotes":""},"class_list":["post-2829","page","type-page","status-publish","hentry"],"yoast_head":"<!-- This site is optimized with the Yoast SEO plugin v27.3 - https:\/\/yoast.com\/product\/yoast-seo-wordpress\/ -->\r\n<title>D&#039;apres Moi... d&#039;apres-midi - NimbusBlog<\/title>\r\n<meta name=\"description\" content=\"Il nome che ho scelto per questo blog, &quot;D\u2019apr\u00e8s Moi&quot;, nasce da un gioco di parole che racchiude tutta la mia filosofia creativa. Nel mondo dell\u2019arte, l\u2019espressione francese \u201cd\u2019apr\u00e8s\u201d indica un\u2019opera realizzata \u201csecondo\u201d un maestro: uno studio, un omaggio a un capolavoro. Ma per me, quel \u201csecondo\u201d diventa inevitabilmente \u201csecondo me\u201d.\" \/>\r\n<meta name=\"robots\" content=\"index, follow, max-snippet:-1, max-image-preview:large, max-video-preview:-1\" \/>\r\n<link rel=\"canonical\" href=\"http:\/\/www.picweb.it\/blog\/index.php\/dapres-moi-dapres-midi\/\" \/>\r\n<meta property=\"og:locale\" content=\"it_IT\" \/>\r\n<meta property=\"og:type\" content=\"article\" \/>\r\n<meta property=\"og:title\" content=\"D&#039;apres Moi... d&#039;apres-midi - NimbusBlog\" \/>\r\n<meta property=\"og:description\" content=\"Il nome che ho scelto per questo blog, &quot;D\u2019apr\u00e8s Moi&quot;, nasce da un gioco di parole che racchiude tutta la mia filosofia creativa. Nel mondo dell\u2019arte, l\u2019espressione francese \u201cd\u2019apr\u00e8s\u201d indica un\u2019opera realizzata \u201csecondo\u201d un maestro: uno studio, un omaggio a un capolavoro. Ma per me, quel \u201csecondo\u201d diventa inevitabilmente \u201csecondo me\u201d.\" \/>\r\n<meta property=\"og:url\" content=\"http:\/\/www.picweb.it\/blog\/index.php\/dapres-moi-dapres-midi\/\" \/>\r\n<meta property=\"og:site_name\" content=\"NimbusBlog\" \/>\r\n<meta property=\"article:modified_time\" content=\"2026-04-13T20:10:09+00:00\" \/>\r\n<meta property=\"og:image\" content=\"https:\/\/www.picweb.it\/blog\/wp-content\/uploads\/2026\/04\/img_20260413_1954523608958964235925443-693x1024.jpg\" \/>\r\n<meta name=\"twitter:card\" content=\"summary_large_image\" \/>\r\n<meta name=\"twitter:site\" content=\"@picweb2003\" \/>\r\n<meta name=\"twitter:label1\" content=\"Tempo di lettura stimato\" \/>\n\t<meta name=\"twitter:data1\" content=\"2 minuti\" \/>\r\n<script type=\"application\/ld+json\" class=\"yoast-schema-graph\">{\"@context\":\"https:\\\/\\\/schema.org\",\"@graph\":[{\"@type\":\"WebPage\",\"@id\":\"http:\\\/\\\/www.picweb.it\\\/blog\\\/index.php\\\/dapres-moi-dapres-midi\\\/\",\"url\":\"http:\\\/\\\/www.picweb.it\\\/blog\\\/index.php\\\/dapres-moi-dapres-midi\\\/\",\"name\":\"D'apres Moi... d'apres-midi - NimbusBlog\",\"isPartOf\":{\"@id\":\"https:\\\/\\\/www.picweb.it\\\/blog\\\/#website\"},\"primaryImageOfPage\":{\"@id\":\"http:\\\/\\\/www.picweb.it\\\/blog\\\/index.php\\\/dapres-moi-dapres-midi\\\/#primaryimage\"},\"image\":{\"@id\":\"http:\\\/\\\/www.picweb.it\\\/blog\\\/index.php\\\/dapres-moi-dapres-midi\\\/#primaryimage\"},\"thumbnailUrl\":\"https:\\\/\\\/www.picweb.it\\\/blog\\\/wp-content\\\/uploads\\\/2026\\\/04\\\/img_20260413_1954523608958964235925443-693x1024.jpg\",\"datePublished\":\"2026-04-03T18:02:34+00:00\",\"dateModified\":\"2026-04-13T20:10:09+00:00\",\"description\":\"Il nome che ho scelto per questo blog, \\\"D\u2019apr\u00e8s Moi\\\", nasce da un gioco di parole che racchiude tutta la mia filosofia creativa. Nel mondo dell\u2019arte, l\u2019espressione francese \u201cd\u2019apr\u00e8s\u201d indica un\u2019opera realizzata \u201csecondo\u201d un maestro: uno studio, un omaggio a un capolavoro. Ma per me, quel \u201csecondo\u201d diventa inevitabilmente \u201csecondo me\u201d.\",\"breadcrumb\":{\"@id\":\"http:\\\/\\\/www.picweb.it\\\/blog\\\/index.php\\\/dapres-moi-dapres-midi\\\/#breadcrumb\"},\"inLanguage\":\"it-IT\",\"potentialAction\":[{\"@type\":\"ReadAction\",\"target\":[\"http:\\\/\\\/www.picweb.it\\\/blog\\\/index.php\\\/dapres-moi-dapres-midi\\\/\"]}]},{\"@type\":\"ImageObject\",\"inLanguage\":\"it-IT\",\"@id\":\"http:\\\/\\\/www.picweb.it\\\/blog\\\/index.php\\\/dapres-moi-dapres-midi\\\/#primaryimage\",\"url\":\"http:\\\/\\\/www.picweb.it\\\/blog\\\/wp-content\\\/uploads\\\/2026\\\/04\\\/img_20260413_1954523608958964235925443.jpg\",\"contentUrl\":\"http:\\\/\\\/www.picweb.it\\\/blog\\\/wp-content\\\/uploads\\\/2026\\\/04\\\/img_20260413_1954523608958964235925443.jpg\",\"width\":1354,\"height\":2000,\"caption\":\"particolare dalla Colazione dei canottieri\"},{\"@type\":\"BreadcrumbList\",\"@id\":\"http:\\\/\\\/www.picweb.it\\\/blog\\\/index.php\\\/dapres-moi-dapres-midi\\\/#breadcrumb\",\"itemListElement\":[{\"@type\":\"ListItem\",\"position\":1,\"name\":\"Home\",\"item\":\"https:\\\/\\\/www.picweb.it\\\/blog\\\/\"},{\"@type\":\"ListItem\",\"position\":2,\"name\":\"D&#8217;apres Moi&#8230; d&#8217;apres-midi\"}]},{\"@type\":\"WebSite\",\"@id\":\"https:\\\/\\\/www.picweb.it\\\/blog\\\/#website\",\"url\":\"https:\\\/\\\/www.picweb.it\\\/blog\\\/\",\"name\":\"NimbusBlog\",\"description\":\"The new Artblog\",\"publisher\":{\"@id\":\"https:\\\/\\\/www.picweb.it\\\/blog\\\/#\\\/schema\\\/person\\\/f015660b7f332c11aa8f33829dd0af30\"},\"potentialAction\":[{\"@type\":\"SearchAction\",\"target\":{\"@type\":\"EntryPoint\",\"urlTemplate\":\"https:\\\/\\\/www.picweb.it\\\/blog\\\/?s={search_term_string}\"},\"query-input\":{\"@type\":\"PropertyValueSpecification\",\"valueRequired\":true,\"valueName\":\"search_term_string\"}}],\"inLanguage\":\"it-IT\"},{\"@type\":[\"Person\",\"Organization\"],\"@id\":\"https:\\\/\\\/www.picweb.it\\\/blog\\\/#\\\/schema\\\/person\\\/f015660b7f332c11aa8f33829dd0af30\",\"name\":\"Paolo Vecchio Ciprioti\",\"image\":{\"@type\":\"ImageObject\",\"inLanguage\":\"it-IT\",\"@id\":\"https:\\\/\\\/www.picweb.it\\\/blog\\\/wp-content\\\/uploads\\\/2025\\\/04\\\/wp-1744296708935.jpg\",\"url\":\"https:\\\/\\\/www.picweb.it\\\/blog\\\/wp-content\\\/uploads\\\/2025\\\/04\\\/wp-1744296708935.jpg\",\"contentUrl\":\"https:\\\/\\\/www.picweb.it\\\/blog\\\/wp-content\\\/uploads\\\/2025\\\/04\\\/wp-1744296708935.jpg\",\"width\":1058,\"height\":1058,\"caption\":\"Paolo Vecchio Ciprioti\"},\"logo\":{\"@id\":\"https:\\\/\\\/www.picweb.it\\\/blog\\\/wp-content\\\/uploads\\\/2025\\\/04\\\/wp-1744296708935.jpg\"},\"sameAs\":[\"http:\\\/\\\/www.picweb.it\"]}]}<\/script>\r\n<!-- \/ Yoast SEO plugin. -->","yoast_head_json":{"title":"D'apres Moi... d'apres-midi - NimbusBlog","description":"Il nome che ho scelto per questo blog, \"D\u2019apr\u00e8s Moi\", nasce da un gioco di parole che racchiude tutta la mia filosofia creativa. Nel mondo dell\u2019arte, l\u2019espressione francese \u201cd\u2019apr\u00e8s\u201d indica un\u2019opera realizzata \u201csecondo\u201d un maestro: uno studio, un omaggio a un capolavoro. Ma per me, quel \u201csecondo\u201d diventa inevitabilmente \u201csecondo me\u201d.","robots":{"index":"index","follow":"follow","max-snippet":"max-snippet:-1","max-image-preview":"max-image-preview:large","max-video-preview":"max-video-preview:-1"},"canonical":"http:\/\/www.picweb.it\/blog\/index.php\/dapres-moi-dapres-midi\/","og_locale":"it_IT","og_type":"article","og_title":"D'apres Moi... d'apres-midi - NimbusBlog","og_description":"Il nome che ho scelto per questo blog, \"D\u2019apr\u00e8s Moi\", nasce da un gioco di parole che racchiude tutta la mia filosofia creativa. Nel mondo dell\u2019arte, l\u2019espressione francese \u201cd\u2019apr\u00e8s\u201d indica un\u2019opera realizzata \u201csecondo\u201d un maestro: uno studio, un omaggio a un capolavoro. Ma per me, quel \u201csecondo\u201d diventa inevitabilmente \u201csecondo me\u201d.","og_url":"http:\/\/www.picweb.it\/blog\/index.php\/dapres-moi-dapres-midi\/","og_site_name":"NimbusBlog","article_modified_time":"2026-04-13T20:10:09+00:00","og_image":[{"url":"https:\/\/www.picweb.it\/blog\/wp-content\/uploads\/2026\/04\/img_20260413_1954523608958964235925443-693x1024.jpg","type":"","width":"","height":""}],"twitter_card":"summary_large_image","twitter_site":"@picweb2003","twitter_misc":{"Tempo di lettura stimato":"2 minuti"},"schema":{"@context":"https:\/\/schema.org","@graph":[{"@type":"WebPage","@id":"http:\/\/www.picweb.it\/blog\/index.php\/dapres-moi-dapres-midi\/","url":"http:\/\/www.picweb.it\/blog\/index.php\/dapres-moi-dapres-midi\/","name":"D'apres Moi... d'apres-midi - NimbusBlog","isPartOf":{"@id":"https:\/\/www.picweb.it\/blog\/#website"},"primaryImageOfPage":{"@id":"http:\/\/www.picweb.it\/blog\/index.php\/dapres-moi-dapres-midi\/#primaryimage"},"image":{"@id":"http:\/\/www.picweb.it\/blog\/index.php\/dapres-moi-dapres-midi\/#primaryimage"},"thumbnailUrl":"https:\/\/www.picweb.it\/blog\/wp-content\/uploads\/2026\/04\/img_20260413_1954523608958964235925443-693x1024.jpg","datePublished":"2026-04-03T18:02:34+00:00","dateModified":"2026-04-13T20:10:09+00:00","description":"Il nome che ho scelto per questo blog, \"D\u2019apr\u00e8s Moi\", nasce da un gioco di parole che racchiude tutta la mia filosofia creativa. Nel mondo dell\u2019arte, l\u2019espressione francese \u201cd\u2019apr\u00e8s\u201d indica un\u2019opera realizzata \u201csecondo\u201d un maestro: uno studio, un omaggio a un capolavoro. Ma per me, quel \u201csecondo\u201d diventa inevitabilmente \u201csecondo me\u201d.","breadcrumb":{"@id":"http:\/\/www.picweb.it\/blog\/index.php\/dapres-moi-dapres-midi\/#breadcrumb"},"inLanguage":"it-IT","potentialAction":[{"@type":"ReadAction","target":["http:\/\/www.picweb.it\/blog\/index.php\/dapres-moi-dapres-midi\/"]}]},{"@type":"ImageObject","inLanguage":"it-IT","@id":"http:\/\/www.picweb.it\/blog\/index.php\/dapres-moi-dapres-midi\/#primaryimage","url":"http:\/\/www.picweb.it\/blog\/wp-content\/uploads\/2026\/04\/img_20260413_1954523608958964235925443.jpg","contentUrl":"http:\/\/www.picweb.it\/blog\/wp-content\/uploads\/2026\/04\/img_20260413_1954523608958964235925443.jpg","width":1354,"height":2000,"caption":"particolare dalla Colazione dei canottieri"},{"@type":"BreadcrumbList","@id":"http:\/\/www.picweb.it\/blog\/index.php\/dapres-moi-dapres-midi\/#breadcrumb","itemListElement":[{"@type":"ListItem","position":1,"name":"Home","item":"https:\/\/www.picweb.it\/blog\/"},{"@type":"ListItem","position":2,"name":"D&#8217;apres Moi&#8230; d&#8217;apres-midi"}]},{"@type":"WebSite","@id":"https:\/\/www.picweb.it\/blog\/#website","url":"https:\/\/www.picweb.it\/blog\/","name":"NimbusBlog","description":"The new Artblog","publisher":{"@id":"https:\/\/www.picweb.it\/blog\/#\/schema\/person\/f015660b7f332c11aa8f33829dd0af30"},"potentialAction":[{"@type":"SearchAction","target":{"@type":"EntryPoint","urlTemplate":"https:\/\/www.picweb.it\/blog\/?s={search_term_string}"},"query-input":{"@type":"PropertyValueSpecification","valueRequired":true,"valueName":"search_term_string"}}],"inLanguage":"it-IT"},{"@type":["Person","Organization"],"@id":"https:\/\/www.picweb.it\/blog\/#\/schema\/person\/f015660b7f332c11aa8f33829dd0af30","name":"Paolo Vecchio Ciprioti","image":{"@type":"ImageObject","inLanguage":"it-IT","@id":"https:\/\/www.picweb.it\/blog\/wp-content\/uploads\/2025\/04\/wp-1744296708935.jpg","url":"https:\/\/www.picweb.it\/blog\/wp-content\/uploads\/2025\/04\/wp-1744296708935.jpg","contentUrl":"https:\/\/www.picweb.it\/blog\/wp-content\/uploads\/2025\/04\/wp-1744296708935.jpg","width":1058,"height":1058,"caption":"Paolo Vecchio Ciprioti"},"logo":{"@id":"https:\/\/www.picweb.it\/blog\/wp-content\/uploads\/2025\/04\/wp-1744296708935.jpg"},"sameAs":["http:\/\/www.picweb.it"]}]}},"jetpack_sharing_enabled":true,"jetpack_shortlink":"https:\/\/wp.me\/P8HYkB-JD","jetpack-related-posts":[],"_links":{"self":[{"href":"http:\/\/www.picweb.it\/blog\/index.php\/wp-json\/wp\/v2\/pages\/2829","targetHints":{"allow":["GET"]}}],"collection":[{"href":"http:\/\/www.picweb.it\/blog\/index.php\/wp-json\/wp\/v2\/pages"}],"about":[{"href":"http:\/\/www.picweb.it\/blog\/index.php\/wp-json\/wp\/v2\/types\/page"}],"author":[{"embeddable":true,"href":"http:\/\/www.picweb.it\/blog\/index.php\/wp-json\/wp\/v2\/users\/1"}],"replies":[{"embeddable":true,"href":"http:\/\/www.picweb.it\/blog\/index.php\/wp-json\/wp\/v2\/comments?post=2829"}],"version-history":[{"count":6,"href":"http:\/\/www.picweb.it\/blog\/index.php\/wp-json\/wp\/v2\/pages\/2829\/revisions"}],"predecessor-version":[{"id":2938,"href":"http:\/\/www.picweb.it\/blog\/index.php\/wp-json\/wp\/v2\/pages\/2829\/revisions\/2938"}],"wp:attachment":[{"href":"http:\/\/www.picweb.it\/blog\/index.php\/wp-json\/wp\/v2\/media?parent=2829"}],"curies":[{"name":"wp","href":"https:\/\/api.w.org\/{rel}","templated":true}]}}